{"id":126,"date":"2026-01-20T09:04:13","date_gmt":"2026-01-20T09:04:13","guid":{"rendered":"https:\/\/aadigitservices.com\/?page_id=126"},"modified":"2026-02-05T09:54:46","modified_gmt":"2026-02-05T09:54:46","slug":"conception-de-logo","status":"publish","type":"page","link":"https:\/\/aadigitservices.com\/ar\/conception-de-logo\/","title":{"rendered":"Commandez votre logo \u0623\u0637\u0644\u0628 \u0634\u0639\u0627\u0631\u0643 \u0627\u0644\u0627\u0646"},"content":{"rendered":"<div class=\"wp-block-columns is-layout-flex wp-container-core-columns-is-layout-28f84493 wp-block-columns-is-layout-flex\">\n<div class=\"wp-block-column is-layout-flow wp-block-column-is-layout-flow\"><\/div>\n<\/div>\n\n\n\n<p class=\"has-text-align-center\"><strong>\u0625\u0645\u0644\u0627 \u0627\u0644\u0625\u0633\u062a\u0645\u0627\u0631\u0629 \u0627\u0644\u062a\u0627\u0644\u064a\u0629 \u0648 \u0633\u0648\u0641 \u0646\u062a\u0635\u0644 \u0628\u0643 \u0641\u064a \u0623\u0642\u0631\u0628 \u0648\u0642\u062a<\/strong><\/p>\n\n\n\n<p class=\"has-text-align-center\">Remplissez le formulaire suivant, nous vous contacterons tr\u00e8s prochainement<\/p>\n\n\n\n<div class=\"wp-block-columns alignfull are-vertically-aligned-top is-layout-flex wp-container-core-columns-is-layout-28f84493 wp-block-columns-is-layout-flex\">\n<div class=\"wp-block-column is-vertically-aligned-top is-layout-flow wp-block-column-is-layout-flow\">\n<p class=\"has-text-align-center\"><strong>\u0634\u0627\u0647\u062f \u0643\u064a\u0641\u064a\u0629 \u0645\u0644\u0623 \u0627\u0644\u0625\u0633\u062a\u0645\u0627\u0631\u0629<\/strong><\/p>\n\n\n\n<p class=\"has-text-align-center\"><strong>Voir comment remplir le formulaire<\/strong><\/p>\n\n\n\n<figure class=\"wp-block-embed is-type-video is-provider-youtube wp-block-embed-youtube wp-embed-aspect-16-9 wp-has-aspect-ratio\"><div class=\"wp-block-embed__wrapper\">\n<iframe loading=\"lazy\" title=\"\u0637\u0644\u0628 \u062a\u0635\u0645\u064a\u0645 \u0634\u0639\u0627\u0631 Demande de conceptio Logo\" width=\"500\" height=\"281\" src=\"https:\/\/www.youtube.com\/embed\/1_bb2VwiGWc?feature=oembed\" frameborder=\"0\" allow=\"accelerometer; autoplay; clipboard-write; encrypted-media; gyroscope; picture-in-picture; web-share\" referrerpolicy=\"strict-origin-when-cross-origin\" allowfullscreen><\/iframe>\n<\/div><\/figure>\n<\/div>\n\n\n\n<div class=\"wp-block-column is-vertically-aligned-top is-layout-flow wp-block-column-is-layout-flow\">\n<div class=\"wp-block-contact-form-7-contact-form-selector\">\n<div class=\"wpcf7 no-js\" id=\"wpcf7-f114-o1\" lang=\"en-US\" dir=\"ltr\" data-wpcf7-id=\"114\">\n<div class=\"screen-reader-response\"><p role=\"status\" aria-live=\"polite\" aria-atomic=\"true\"><\/p> <ul><\/ul><\/div>\n<form action=\"\/ar\/wp-json\/wp\/v2\/pages\/126#wpcf7-f114-o1\" method=\"post\" class=\"wpcf7-form init\" aria-label=\"Contact form\" enctype=\"multipart\/form-data\" novalidate=\"novalidate\" data-status=\"init\" data-trp-original-action=\"\/ar\/wp-json\/wp\/v2\/pages\/126#wpcf7-f114-o1\">\n<fieldset class=\"hidden-fields-container\"><input type=\"hidden\" name=\"_wpcf7\" value=\"114\" \/><input type=\"hidden\" name=\"_wpcf7_version\" value=\"6.1.5\" \/><input type=\"hidden\" name=\"_wpcf7_locale\" value=\"en_US\" \/><input type=\"hidden\" name=\"_wpcf7_unit_tag\" value=\"wpcf7-f114-o1\" \/><input type=\"hidden\" name=\"_wpcf7_container_post\" value=\"0\" \/><input type=\"hidden\" name=\"_wpcf7_posted_data_hash\" value=\"\" \/><input type=\"hidden\" name=\"_wpcf7_recaptcha_response\" value=\"\" \/>\n<\/fieldset>\n<div class=\"contact-form-bilingual\">\n\t<div class=\"field-row\">\n\t\t<p><label> Nom Complet \/ \u0627\u0644\u0627\u0633\u0645 \u0627\u0644\u0643\u0627\u0645\u0644 <\/label><br \/>\n<span class=\"wpcf7-form-control-wrap\" data-name=\"your-name\"><input size=\"40\" maxlength=\"400\" class=\"wpcf7-form-control wpcf7-text wpcf7-validates-as-required\" aria-required=\"true\" aria-invalid=\"false\" placeholder=\"Votre nom \/ \u0627\u0633\u0645\u0643\" value=\"\" type=\"text\" name=\"your-name\" \/><\/span>\n\t\t<\/p>\n\t<\/div>\n\t<div class=\"field-row\">\n\t\t<p><label> Email \/ \u0627\u0644\u0628\u0631\u064a\u062f \u0627\u0644\u0625\u0644\u0643\u062a\u0631\u0648\u0646\u064a <\/label><br \/>\n<span class=\"wpcf7-form-control-wrap\" data-name=\"your-email\"><input size=\"40\" maxlength=\"400\" class=\"wpcf7-form-control wpcf7-email wpcf7-validates-as-required wpcf7-text wpcf7-validates-as-email\" aria-required=\"true\" aria-invalid=\"false\" placeholder=\"exemple@mail.com\" value=\"\" type=\"email\" name=\"your-email\" \/><\/span>\n\t\t<\/p>\n\t<\/div>\n\t<div class=\"field-row\">\n\t\t<p><label> Num\u00e9ro de t\u00e9l\u00e9phone \/ \u0631\u0642\u0645 \u0627\u0644\u0647\u0627\u062a\u0641 <\/label><br \/>\n<span class=\"wpcf7-form-control-wrap\" data-name=\"your-phone\"><input size=\"40\" maxlength=\"10\" minlength=\"10\" class=\"wpcf7-form-control wpcf7-tel wpcf7-validates-as-required wpcf7-text wpcf7-validates-as-tel\" aria-required=\"true\" aria-invalid=\"false\" placeholder=\"Ex: 0550123456\" value=\"\" type=\"tel\" name=\"your-phone\" \/><\/span>\n\t\t<\/p>\n\t<\/div>\n\t<div class=\"field-row\">\n\t\t<p><label> Nom commercial (Optionnel) \/ \u0627\u0644\u0625\u0633\u0645 \u0627\u0644\u062a\u062c\u0627\u0631\u064a (\u0625\u0646 \u0648\u062c\u062f) <\/label><br \/>\n<span class=\"wpcf7-form-control-wrap\" data-name=\"project-name\"><input size=\"40\" maxlength=\"400\" class=\"wpcf7-form-control wpcf7-text\" aria-invalid=\"false\" placeholder=\"Nom \/ \u0627\u0644\u0627\u0633\u0645\" value=\"\" type=\"text\" name=\"project-name\" \/><\/span>\n\t\t<\/p>\n\t<\/div>\n\t<div class=\"field-row\">\n\t\t<p><label> Choisissez votre Pack \/ \u0627\u062e\u062a\u0631 \u0627\u0644\u0628\u0627\u0642\u0629 <\/label>\n\t\t<\/p>\n\t\t<div id=\"css-only-packs\">\n\t\t\t<p><span class=\"wpcf7-form-control-wrap\" data-name=\"logo-pack\"><span class=\"wpcf7-form-control wpcf7-radio\"><span class=\"wpcf7-list-item first\"><label><input type=\"radio\" name=\"logo-pack\" value=\"Essentiel\" checked=\"checked\" \/><span class=\"wpcf7-list-item-label\">Essentiel<\/span><\/label><\/span><span class=\"wpcf7-list-item last\"><label><input type=\"radio\" name=\"logo-pack\" value=\"Premium\" \/><span class=\"wpcf7-list-item-label\">Premium<\/span><\/label><\/span><\/span><\/span>\n\t\t\t<\/p>\n\t\t<\/div>\n\t<\/div>\n\t<div class=\"field-row\">\n\t\t<p><label> Sur quels supports utiliserez-vous ce logo ? (vous pouvez s\u00e9lectionner plusieurs emplacements) \/ \u0623\u064a\u0646 \u0633\u064a\u062a\u0645 \u0627\u0633\u062a\u062e\u062f\u0627\u0645 \u0647\u0630\u0627 \u0627\u0644\u0634\u0639\u0627\u0631\u061f (\u064a\u0645\u0643\u0646\u0643 \u0625\u062e\u062a\u064a\u0627\u0631 \u0623\u0643\u062b\u0631 \u0645\u0646 \u0648\u0627\u062d\u062f\u0629) <\/label>\n\t\t<\/p>\n\t\t<div id=\"simple-supports\">\n\t\t\t<p><span class=\"wpcf7-form-control-wrap\" data-name=\"use-case\"><span class=\"wpcf7-form-control wpcf7-checkbox\"><span class=\"wpcf7-list-item first\"><label><input type=\"checkbox\" name=\"use-case[]\" value=\"R\u00e9seaux Sociaux\" \/><span class=\"wpcf7-list-item-label\">R\u00e9seaux Sociaux<\/span><\/label><\/span><span class=\"wpcf7-list-item\"><label><input type=\"checkbox\" name=\"use-case[]\" value=\"Site Web\/\u0645\u0648\u0642\u0639\" \/><span class=\"wpcf7-list-item-label\">Site Web\/\u0645\u0648\u0642\u0639<\/span><\/label><\/span><span class=\"wpcf7-list-item\"><label><input type=\"checkbox\" name=\"use-case[]\" value=\"Impression\/\u0637\u0628\u0627\u0639\u0629\" \/><span class=\"wpcf7-list-item-label\">Impression\/\u0637\u0628\u0627\u0639\u0629<\/span><\/label><\/span><span class=\"wpcf7-list-item\"><label><input type=\"checkbox\" name=\"use-case[]\" value=\"Enseigne\/\u0644\u0627\u0641\u062a\u0629\" \/><span class=\"wpcf7-list-item-label\">Enseigne\/\u0644\u0627\u0641\u062a\u0629<\/span><\/label><\/span><span class=\"wpcf7-list-item\"><label><input type=\"checkbox\" name=\"use-case[]\" value=\"V\u00eatements\/\u0645\u0644\u0627\u0628\u0633\" \/><span class=\"wpcf7-list-item-label\">V\u00eatements\/\u0645\u0644\u0627\u0628\u0633<\/span><\/label><\/span><span class=\"wpcf7-list-item last\"><label><input type=\"checkbox\" name=\"use-case[]\" value=\"Packaging\/\u062a\u063a\u0644\u064a\u0641\" \/><span class=\"wpcf7-list-item-label\">Packaging\/\u062a\u063a\u0644\u064a\u0641<\/span><\/label><\/span><\/span><\/span>\n\t\t\t<\/p>\n\t\t<\/div>\n\t<\/div>\n\t<div class=\"field-row\">\n\t\t<p><label> Style souhait\u00e9 \/ \u0627\u0644\u0646\u0645\u0637 \u0627\u0644\u0645\u0637\u0644\u0648\u0628 <\/label><br \/>\n<span class=\"wpcf7-form-control-wrap\" data-name=\"logo-style\"><select class=\"wpcf7-form-control wpcf7-select\" aria-invalid=\"false\" name=\"logo-style\"><option value=\"Minimaliste\">Minimaliste<\/option><option value=\"Moderne\">Moderne<\/option><option value=\"Traditionnel\">Traditionnel<\/option><option value=\"Luxueux\">Luxueux<\/option><\/select><\/span>\n\t\t<\/p>\n\t<\/div>\n\t<div class=\"field-row\">\n\t\t<p><label> Joindre une inspiration ou une image (Optionnel) \/ \u0625\u0631\u0641\u0627\u0642 \u0646\u0645\u0648\u0630\u062c \u0623\u0648 \u0641\u0643\u0631\u0629 \u0645\u0635\u0648\u0631\u0629 (\u0625\u062e\u062a\u064a\u0627\u0631\u064a) <\/label><br \/>\n<span class=\"wpcf7-form-control-wrap\" data-name=\"your-file\"><input size=\"40\" class=\"wpcf7-form-control wpcf7-file\" accept=\"audio\/*,video\/*,image\/*\" aria-invalid=\"false\" type=\"file\" name=\"your-file\" \/><\/span>\n\t\t<\/p>\n\t<\/div>\n\t<div class=\"field-row\">\n\t\t<p><label> Informations concernant votre activit\u00e9 professionnelle et les sp\u00e9cifications du logo requis \/ \u0645\u0639\u0644\u0648\u0645\u0627\u062a \u062d\u0648\u0644 \u0646\u0634\u0627\u0637\u0643 \u0648 \u0645\u0648\u0627\u0635\u0641\u0627\u062a \u0627\u0644\u0634\u0639\u0627\u0631 \u0627\u0644\u0645\u0637\u0644\u0648\u0628 <\/label><br \/>\n<span class=\"wpcf7-form-control-wrap\" data-name=\"your-message\"><textarea cols=\"40\" rows=\"10\" maxlength=\"2000\" class=\"wpcf7-form-control wpcf7-textarea\" aria-invalid=\"false\" name=\"your-message\"><\/textarea><\/span>\n\t\t<\/p>\n\t<\/div>\n\t<div class=\"submit-container\">\n\t\t<p><input class=\"wpcf7-form-control wpcf7-submit has-spinner\" type=\"submit\" value=\"Envoyer \/ \u0625\u0631\u0633\u0627\u0644\" \/>\n\t\t<\/p>\n\t<\/div>\n\t<div id=\"adel-success-popup\" class=\"popup-overlay\" style=\"display:none;\">\n\t\t<div class=\"popup-content\">\n\t\t\t<div class=\"popup-icon\">\n\t\t\t\t<p>\u2705\n\t\t\t\t<\/p>\n\t\t\t<\/div>\n\t\t\t<h3>Message Envoy\u00e9 !<br \/>\n<span style=\"font-family:Tahoma, sans-serif; font-weight:normal; font-size:20px;\">\u062a\u0645 \u0625\u0631\u0633\u0627\u0644 \u0627\u0644\u0631\u0633\u0627\u0644\u0629!<\/span>\n\t\t\t<\/h3>\n\t\t\t<p><br \/>\nMerci de nous avoir contact\u00e9s.<br \/>\nNous reviendrons vers vous sous 24h.\n\t\t\t<\/p>\n\t\t\t<p><span style=\"font-family:Tahoma, sans-serif; font-size:15px; color:#333;\"><br \/>\n\u0634\u0643\u0631\u0627\u064b \u0644\u062a\u0648\u0627\u0635\u0644\u0643\u0645 \u0645\u0639\u0646\u0627.<br \/>\n\u0633\u0646\u0631\u062f \u0639\u0644\u064a\u0643\u0645 \u0641\u064a \u063a\u0636\u0648\u0646 24 \u0633\u0627\u0639\u0629.<br \/>\n<\/span>\n\t\t\t<\/p>\n\t\t\t<p><button id=\"close-popup-btn\">Fermer \/ \u0625\u063a\u0644\u0627\u0642<\/button>\n\t\t\t<\/p>\n\t\t<\/div>\n\t<\/div>\n\t<p><script>\ndocument.addEventListener('wpcf7mailsent', function( event ) {\n var popup = document.getElementById('adel-success-popup');\n if(popup) {\n popup.style.display = 'flex';\n }\n}, false );\n\ndocument.addEventListener('DOMContentLoaded', function() {\n var closeBtn = document.getElementById('close-popup-btn');\n var popup = document.getElementById('adel-success-popup');\n \n if(closeBtn && popup) {\n closeBtn.addEventListener('click', function() {\n popup.style.display = 'none';\n });\n }\n});\n<\/script>\n\t<\/p>\n<\/div><div class=\"wpcf7-response-output\" aria-hidden=\"true\"><\/div>\n<input type=\"hidden\" name=\"trp-form-language\" value=\"ar\"\/><\/form>\n<\/div>\n<\/div>\n<\/div>\n\n\n\n<div class=\"wp-block-column is-vertically-aligned-top is-layout-flow wp-block-column-is-layout-flow\"><\/div>\n<\/div>\n\n\n\n<div class=\"wp-block-columns alignfull are-vertically-aligned-top is-layout-flex wp-container-core-columns-is-layout-2d7698b3 wp-block-columns-is-layout-flex\" style=\"border-style:none;border-width:0px;padding-right:0;padding-left:0\">\n<div class=\"wp-block-column is-vertically-aligned-top is-layout-flow wp-block-column-is-layout-flow\"><\/div>\n\n\n\n<div class=\"wp-block-column is-vertically-aligned-top is-layout-flow wp-block-column-is-layout-flow\" style=\"flex-basis:800px\"><\/div>\n<\/div>\n\n\n\n<div class=\"wp-block-group alignfull is-style-ext-preset--group--natural-1--section has-background-background-color has-background has-global-padding is-layout-constrained wp-block-group-is-layout-constrained\" style=\"margin-top:0;margin-bottom:0;padding-top:var(--wp--preset--spacing--70);padding-bottom:var(--wp--preset--spacing--70)\">\n<div class=\"wp-block-columns alignwide are-vertically-aligned-center is-layout-flex wp-container-core-columns-is-layout-174606dc wp-block-columns-is-layout-flex\">\n<div class=\"wp-block-column is-vertically-aligned-center is-layout-flow wp-block-column-is-layout-flow\">\n<div class=\"wp-block-group alignwide is-vertical is-layout-flex wp-container-core-group-is-layout-c35747d5 wp-block-group-is-layout-flex\">\n<div class=\"wp-block-group has-global-padding is-layout-constrained wp-container-core-group-is-layout-dd32767c wp-block-group-is-layout-constrained\">\n<h2 class=\"wp-block-heading has-text-align-right\"> \u062a\u0635\u0645\u064a\u0645 \u0627\u0644\u0634\u0639\u0627\u0631\u0627\u062a<\/h2>\n\n\n\n\n\n<p class=\"has-medium-font-size\">D\u00e9couvrez notre service expert de conception de logos, alliant cr\u00e9ativit\u00e9 et professionnalisme pour renforcer l&rsquo;identit\u00e9 visuelle de votre marque. Nous mettons en valeur votre image gr\u00e2ce \u00e0 des designs uniques, adapt\u00e9s \u00e0 vos besoins et reconnaissables instantan\u00e9ment.<\/p>\n\n\n\n<div class=\"wp-block-buttons is-layout-flex wp-block-buttons-is-layout-flex\"><\/div>\n<\/div>\n<\/div>\n<\/div>\n\n\n\n<div class=\"wp-block-column is-vertically-aligned-center is-layout-flow wp-block-column-is-layout-flow\">\n<figure class=\"wp-block-image is-style-ext-preset--image--natural-1--image-1--content-left extendify-image-import is-style-ext-preset--image--natural-1--image-1--content-left--2\"><img decoding=\"async\" src=\"https:\/\/images.unsplash.com\/photo-1655213675468-19558613ff75?ixid=M3w0MzUxNjF8MHwxfHNlYXJjaHwxMHx8bG9nbyUyMGRlc2lnbnxlbnwwfHx8fDE3Njg3MzMyNjd8MA&amp;ixlib=rb-4.1.0&amp;orientation=landscape?fit=crop&amp;crop=entropy%2Cfaces&amp;auto=format%2Ccompress&amp;w=1280\" alt=\"\" style=\"aspect-ratio:1;object-fit:cover\"\/><\/figure>\n<\/div>\n<\/div>\n<\/div>\n\n\n\n<div class=\"wp-block-group alignfull is-style-ext-preset--group--natural-1--section has-tertiary-background-color has-background has-global-padding is-layout-constrained wp-container-core-group-is-layout-18437aeb wp-block-group-is-layout-constrained\" style=\"margin-top:0;margin-bottom:0;padding-top:var(--wp--preset--spacing--70);padding-right:0;padding-bottom:var(--wp--preset--spacing--70);padding-left:0\">\n<div class=\"wp-block-group alignwide is-style-ext-preset--group--natural-1--item-card-1--align-start has-global-padding is-layout-constrained wp-block-group-is-layout-constrained is-style-ext-preset--group--natural-1--item-card-1--align-start--4\">\n<div class=\"wp-block-cover alignwide is-style-ext-preset--cover--natural-1--cover-overlay-1 extendify-image-import is-style-ext-preset--cover--natural-1--cover-overlay-1--5\" style=\"padding-top:var(--wp--preset--spacing--50);padding-right:var(--wp--preset--spacing--30);padding-bottom:var(--wp--preset--spacing--50);padding-left:var(--wp--preset--spacing--30)\"><img decoding=\"async\" class=\"wp-block-cover__image-background\" alt=\"\" src=\"https:\/\/images.unsplash.com\/photo-1611162617213-7d7a39e9b1d7?ixid=M3w0MzUxNjF8MHwxfHNlYXJjaHwxMnx8bG9nbyUyMGRlc2lnbnxlbnwwfHx8fDE3Njg3MzMyNjd8MA&amp;ixlib=rb-4.1.0&amp;orientation=landscape?fit=crop&amp;crop=entropy%2Cfaces&amp;auto=format%2Ccompress&amp;w=1280\" data-object-fit=\"cover\"\/><span aria-hidden=\"true\" class=\"wp-block-cover__background has-background-dim-80 has-background-dim\" style=\"background-color:#010101\"><\/span><div class=\"wp-block-cover__inner-container has-global-padding is-layout-constrained wp-container-core-cover-is-layout-1c074333 wp-block-cover-is-layout-constrained\">\n<div class=\"wp-block-group alignwide is-vertical is-content-justification-center is-layout-flex wp-container-core-group-is-layout-b5c398d7 wp-block-group-is-layout-flex\" style=\"padding-top:0;padding-right:0;padding-bottom:0;padding-left:0\">\n<div class=\"wp-block-group has-global-padding is-layout-constrained wp-container-core-group-is-layout-f1e34d34 wp-block-group-is-layout-constrained\" style=\"padding-top:0;padding-right:0;padding-bottom:0;padding-left:0\">\n<h2 class=\"wp-block-heading has-text-align-center has-x-large-font-size\" style=\"margin-bottom:24px\">Donnez vie \u00e0 votre marque d\u00e8s maintenant.<\/h2>\n\n\n\n<p class=\"has-text-align-center\" style=\"font-size:clamp(14px, 0.875rem + ((1vw - 3.2px) * 0.417), 18px);\">D\u00e9couvrez comment notre expertise en conception de logos peut transformer votre image de marque. Contactez-nous pour un design unique et professionnel, parfaitement adapt\u00e9 \u00e0 votre identit\u00e9.<\/p>\n<\/div>\n\n\n\n<div class=\"wp-block-buttons is-layout-flex wp-block-buttons-is-layout-flex\">\n<div class=\"wp-block-button is-style-ext-preset--button--natural-1--button-1 is-style-ext-preset--button--natural-1--button-1--6\"><a class=\"wp-block-button__link wp-element-button\" href=\"https:\/\/aadigitservices.com\/ar\/portfolio\/\">D\u00e9couvrir nos cr\u00e9ations<\/a><\/div>\n<\/div>\n<\/div>\n<\/div><\/div>\n<\/div>\n<\/div>\n\n\n\n<div class=\"wp-block-group alignfull is-style-ext-preset--group--natural-1--section has-background-background-color has-background has-global-padding is-layout-constrained wp-block-group-is-layout-constrained\" style=\"margin-top:0;margin-bottom:0;padding-top:var(--wp--preset--spacing--70);padding-bottom:var(--wp--preset--spacing--70)\"><\/div>","protected":false},"excerpt":{"rendered":"<p>\u0625\u0645\u0644\u0627 \u0627\u0644\u0625\u0633\u062a\u0645\u0627\u0631\u0629 \u0627\u0644\u062a\u0627\u0644\u064a\u0629 \u0648 \u0633\u0648\u0641 \u0646\u062a\u0635\u0644 \u0628\u0643 \u0641\u064a \u0623\u0642\u0631\u0628 \u0648\u0642\u062a Remplissez le formulaire suivant, nous vous contacterons tr\u00e8s prochainement \u0634\u0627\u0647\u062f \u0643\u064a\u0641\u064a\u0629 \u0645\u0644\u0623 \u0627\u0644\u0625\u0633\u062a\u0645\u0627\u0631\u0629 Voir comment remplir le formulaire \u062a\u0635\u0645\u064a\u0645 \u0627\u0644\u0634\u0639\u0627\u0631\u0627\u062a D\u00e9couvrez notre service expert de conception de logos, alliant cr\u00e9ativit\u00e9 et professionnalisme pour renforcer l&rsquo;identit\u00e9 visuelle de votre marque. Nous mettons en valeur votre image [&hellip;]<\/p>\n","protected":false},"author":1,"featured_media":0,"parent":0,"menu_order":0,"comment_status":"closed","ping_status":"closed","template":"page-with-title","meta":{"_monsterinsights_skip_tracking":false,"_monsterinsights_sitenote_active":false,"_monsterinsights_sitenote_note":"","_monsterinsights_sitenote_category":0,"footnotes":""},"class_list":["post-126","page","type-page","status-publish","hentry"],"aioseo_notices":[],"_links":{"self":[{"href":"https:\/\/aadigitservices.com\/ar\/wp-json\/wp\/v2\/pages\/126","targetHints":{"allow":["GET"]}}],"collection":[{"href":"https:\/\/aadigitservices.com\/ar\/wp-json\/wp\/v2\/pages"}],"about":[{"href":"https:\/\/aadigitservices.com\/ar\/wp-json\/wp\/v2\/types\/page"}],"author":[{"embeddable":true,"href":"https:\/\/aadigitservices.com\/ar\/wp-json\/wp\/v2\/users\/1"}],"replies":[{"embeddable":true,"href":"https:\/\/aadigitservices.com\/ar\/wp-json\/wp\/v2\/comments?post=126"}],"version-history":[{"count":30,"href":"https:\/\/aadigitservices.com\/ar\/wp-json\/wp\/v2\/pages\/126\/revisions"}],"predecessor-version":[{"id":179,"href":"https:\/\/aadigitservices.com\/ar\/wp-json\/wp\/v2\/pages\/126\/revisions\/179"}],"wp:attachment":[{"href":"https:\/\/aadigitservices.com\/ar\/wp-json\/wp\/v2\/media?parent=126"}],"curies":[{"name":"wp","href":"https:\/\/api.w.org\/{rel}","templated":true}]}}