{"id":134,"date":"2026-01-20T09:03:03","date_gmt":"2026-01-20T09:03:03","guid":{"rendered":"https:\/\/aadigitservices.com\/?page_id=134"},"modified":"2026-01-20T09:03:03","modified_gmt":"2026-01-20T09:03:03","slug":"portfolio","status":"publish","type":"page","link":"https:\/\/aadigitservices.com\/ar\/portfolio\/","title":{"rendered":"Portfolio"},"content":{"rendered":"<div class=\"wp-block-group alignfull is-style-ext-preset--group--natural-1--section has-background-background-color has-background has-global-padding is-layout-constrained wp-container-core-group-is-layout-f72f1611 wp-block-group-is-layout-constrained\" style=\"margin-top:0;margin-bottom:0;padding-top:var(--wp--preset--spacing--70);padding-bottom:var(--wp--preset--spacing--70)\">\n<div class=\"wp-block-group alignwide is-vertical is-layout-flex wp-container-core-group-is-layout-c35747d5 wp-block-group-is-layout-flex\">\n<div class=\"wp-block-group has-global-padding is-layout-constrained wp-container-core-group-is-layout-5e05634a wp-block-group-is-layout-constrained\">\n<h2 class=\"wp-block-heading\">Explorez notre exposition professionnelle<\/h2>\n\n\n\n<p class=\"has-text-align-left\">Cette section pr\u00e9sente une s\u00e9lection raffin\u00e9e de visuels illustrant la qualit\u00e9 et le style uniques de nos projets de design.<\/p>\n<\/div>\n<\/div>\n\n\n\n<div class=\"wp-block-columns alignwide are-vertically-aligned-top is-layout-flex wp-container-core-columns-is-layout-87beb0d0 wp-block-columns-is-layout-flex\">\n<div class=\"wp-block-column is-vertically-aligned-top is-layout-flow wp-container-core-column-is-layout-f5bb311e wp-block-column-is-layout-flow\">\n<figure class=\"wp-block-image is-style-ext-preset--image--natural-1--image-1--content-top extendify-image-import is-style-ext-preset--image--natural-1--image-1--content-top--2\"><img decoding=\"async\" src=\"https:\/\/images.unsplash.com\/photo-1713616147761-c126f8009c6f?ixid=M3w0MzUxNjF8MHwxfHNlYXJjaHwxfHxsb2dvJTIwZGVzaWdufGVufDB8fHx8MTc2ODczMzI2N3ww&amp;ixlib=rb-4.1.0&amp;orientation=landscape?fit=crop&amp;crop=entropy%2Cfaces&amp;auto=format%2Ccompress&amp;w=1280\" alt=\"\" style=\"aspect-ratio:1;object-fit:cover\"\/><\/figure>\n\n\n\n<figure class=\"wp-block-image is-style-ext-preset--image--natural-1--image-1--content-top extendify-image-import is-style-ext-preset--image--natural-1--image-1--content-top--3\"><img decoding=\"async\" src=\"https:\/\/images.unsplash.com\/photo-1498075702571-ecb018f3752d?ixid=M3w0MzUxNjF8MHwxfHNlYXJjaHw0fHxsb2dvJTIwZGVzaWdufGVufDB8fHx8MTc2ODczMzI2N3ww&amp;ixlib=rb-4.1.0&amp;orientation=landscape?fit=crop&amp;crop=entropy%2Cfaces&amp;auto=format%2Ccompress&amp;w=1280\" alt=\"\" style=\"aspect-ratio:1;object-fit:cover\"\/><\/figure>\n<\/div>\n\n\n\n<div class=\"wp-block-column is-vertically-aligned-top is-layout-flow wp-container-core-column-is-layout-f5bb311e wp-block-column-is-layout-flow\">\n<figure class=\"wp-block-image is-style-ext-preset--image--natural-1--image-1--content-top extendify-image-import is-style-ext-preset--image--natural-1--image-1--content-top--4\"><img decoding=\"async\" src=\"https:\/\/images.unsplash.com\/3\/doctype-hi-res.jpg?ixid=M3w0MzUxNjF8MHwxfHNlYXJjaHwzfHxsb2dvJTIwZGVzaWdufGVufDB8fHx8MTc2ODczMzI2N3ww&amp;ixlib=rb-4.1.0&amp;orientation=landscape?fit=crop&amp;crop=entropy%2Cfaces&amp;auto=format%2Ccompress&amp;w=1280\" alt=\"\" style=\"aspect-ratio:1;object-fit:cover\"\/><\/figure>\n\n\n\n<figure class=\"wp-block-image is-style-ext-preset--image--natural-1--image-1--content-top extendify-image-import is-style-ext-preset--image--natural-1--image-1--content-top--5\"><img decoding=\"async\" src=\"https:\/\/images.unsplash.com\/photo-1655213675468-19558613ff75?ixid=M3w0MzUxNjF8MHwxfHNlYXJjaHwxMHx8bG9nbyUyMGRlc2lnbnxlbnwwfHx8fDE3Njg3MzMyNjd8MA&amp;ixlib=rb-4.1.0&amp;orientation=landscape?fit=crop&amp;crop=entropy%2Cfaces&amp;auto=format%2Ccompress&amp;w=1280\" alt=\"\" style=\"aspect-ratio:1;object-fit:cover\"\/><\/figure>\n<\/div>\n\n\n\n<div class=\"wp-block-column is-vertically-aligned-top is-layout-flow wp-container-core-column-is-layout-f5bb311e wp-block-column-is-layout-flow\">\n<figure class=\"wp-block-image is-style-ext-preset--image--natural-1--image-1--content-top extendify-image-import is-style-ext-preset--image--natural-1--image-1--content-top--6\"><img decoding=\"async\" src=\"https:\/\/images.unsplash.com\/photo-1611532736597-de2d4265fba3?ixid=M3w0MzUxNjF8MHwxfHNlYXJjaHwyfHxsb2dvJTIwZGVzaWdufGVufDB8fHx8MTc2ODczMzI2N3ww&amp;ixlib=rb-4.1.0&amp;orientation=portrait?fit=crop&amp;crop=entropy%2Cfaces&amp;auto=format%2Ccompress&amp;w=1280\" alt=\"\" style=\"aspect-ratio:1;object-fit:cover\"\/><\/figure>\n\n\n\n<figure class=\"wp-block-image is-style-ext-preset--image--natural-1--image-1--content-top extendify-image-import is-style-ext-preset--image--natural-1--image-1--content-top--7\"><img decoding=\"async\" src=\"https:\/\/images.unsplash.com\/photo-1561070791-2526d30994b5?ixid=M3w0MzUxNjF8MHwxfHNlYXJjaHwxM3x8bG9nbyUyMGRlc2lnbnxlbnwwfHx8fDE3Njg3MzMyNjd8MA&amp;ixlib=rb-4.1.0&amp;orientation=portrait?fit=crop&amp;crop=entropy%2Cfaces&amp;auto=format%2Ccompress&amp;w=1280\" alt=\"\" style=\"aspect-ratio:1;object-fit:cover\"\/><\/figure>\n<\/div>\n\n\n\n<div class=\"wp-block-column is-vertically-aligned-top is-layout-flow wp-container-core-column-is-layout-f5bb311e wp-block-column-is-layout-flow\">\n<figure class=\"wp-block-image is-style-ext-preset--image--natural-1--image-1--content-top extendify-image-import is-style-ext-preset--image--natural-1--image-1--content-top--8\"><img decoding=\"async\" src=\"https:\/\/images.unsplash.com\/photo-1611162617213-7d7a39e9b1d7?ixid=M3w0MzUxNjF8MHwxfHNlYXJjaHwxMnx8bG9nbyUyMGRlc2lnbnxlbnwwfHx8fDE3Njg3MzMyNjd8MA&amp;ixlib=rb-4.1.0&amp;orientation=landscape?fit=crop&amp;crop=entropy%2Cfaces&amp;auto=format%2Ccompress&amp;w=1280\" alt=\"\" style=\"aspect-ratio:1;object-fit:cover\"\/><\/figure>\n\n\n\n<figure class=\"wp-block-image is-style-ext-preset--image--natural-1--image-1--content-top extendify-image-import is-style-ext-preset--image--natural-1--image-1--content-top--9\"><img decoding=\"async\" src=\"https:\/\/images.unsplash.com\/photo-1511548774318-563182fe8d03?ixid=M3w0MzUxNjF8MHwxfHNlYXJjaHw4fHxwcm9mZXNzaW9uYWwlMjB0eXBvZ3JhcGh5fGVufDB8fHx8MTc2ODg5OTczNHww&amp;ixlib=rb-4.1.0&amp;orientation=landscape?fit=crop&amp;crop=entropy%2Cfaces&amp;auto=format%2Ccompress&amp;w=1280\" alt=\"\" style=\"aspect-ratio:1;object-fit:cover\"\/><\/figure>\n<\/div>\n<\/div>\n<\/div>\n\n\n\n<div class=\"wp-block-group alignfull is-style-ext-preset--group--natural-1--section has-tertiary-background-color has-background has-global-padding is-layout-constrained wp-block-group-is-layout-constrained\" style=\"margin-top:0;margin-bottom:0;padding-top:var(--wp--preset--spacing--70);padding-bottom:var(--wp--preset--spacing--70)\">\n<div class=\"wp-block-columns alignwide are-vertically-aligned-center is-layout-flex wp-container-core-columns-is-layout-174606dc wp-block-columns-is-layout-flex\">\n<div class=\"wp-block-column is-vertically-aligned-center is-layout-flow wp-block-column-is-layout-flow\">\n<div class=\"wp-block-group alignwide is-vertical is-layout-flex wp-container-core-group-is-layout-c35747d5 wp-block-group-is-layout-flex\">\n<div class=\"wp-block-group has-global-padding is-layout-constrained wp-container-core-group-is-layout-dd32767c wp-block-group-is-layout-constrained\">\n<h2 class=\"wp-block-heading\">D\u00e9couvrez nos projets d&rsquo;exception d\u00e8s maintenant.<\/h2>\n\n\n\n<p>Parcourez notre portfolio pour voir comment nos designs innovants transforment les id\u00e9es en images puissantes, et laissez-vous inspirer pour votre propre projet.<\/p>\n<\/div>\n\n\n\n<div class=\"wp-block-buttons is-layout-flex wp-block-buttons-is-layout-flex\">\n<div class=\"wp-block-button is-style-ext-preset--button--natural-1--button-1 is-style-ext-preset--button--natural-1--button-1--11\"><a class=\"wp-block-button__link wp-element-button\" href=\"#\">Voir les projets<\/a><\/div>\n<\/div>\n<\/div>\n<\/div>\n\n\n\n<div class=\"wp-block-column is-vertically-aligned-center is-layout-flow wp-block-column-is-layout-flow\">\n<figure class=\"wp-block-image is-style-ext-preset--image--natural-1--image-1--content-right extendify-image-import is-style-ext-preset--image--natural-1--image-1--content-right--12\"><img decoding=\"async\" src=\"https:\/\/images.unsplash.com\/photo-1716471330463-f475b00f0506?ixid=M3w0MzUxNjF8MHwxfHNlYXJjaHw2fHxsb2dvJTIwZGVzaWdufGVufDB8fHx8MTc2ODczMzI2N3ww&amp;ixlib=rb-4.1.0&amp;orientation=landscape?fit=crop&amp;crop=entropy%2Cfaces&amp;auto=format%2Ccompress&amp;w=1280\" alt=\"\" style=\"aspect-ratio:4\/3;object-fit:cover\"\/><\/figure>\n<\/div>\n<\/div>\n<\/div>","protected":false},"excerpt":{"rendered":"<p>Explorez notre exposition professionnelle Cette section pr\u00e9sente une s\u00e9lection raffin\u00e9e de visuels illustrant la qualit\u00e9 et le style uniques de nos projets de design. D\u00e9couvrez nos projets d&rsquo;exception d\u00e8s maintenant. Parcourez notre portfolio pour voir comment nos designs innovants transforment les id\u00e9es en images puissantes, et laissez-vous inspirer pour votre propre projet.<\/p>","protected":false},"author":1,"featured_media":0,"parent":0,"menu_order":0,"comment_status":"closed","ping_status":"closed","template":"page-with-title","meta":{"_monsterinsights_skip_tracking":false,"_monsterinsights_sitenote_active":false,"_monsterinsights_sitenote_note":"","_monsterinsights_sitenote_category":0,"footnotes":""},"class_list":["post-134","page","type-page","status-publish","hentry"],"aioseo_notices":[],"_links":{"self":[{"href":"https:\/\/aadigitservices.com\/ar\/wp-json\/wp\/v2\/pages\/134","targetHints":{"allow":["GET"]}}],"collection":[{"href":"https:\/\/aadigitservices.com\/ar\/wp-json\/wp\/v2\/pages"}],"about":[{"href":"https:\/\/aadigitservices.com\/ar\/wp-json\/wp\/v2\/types\/page"}],"author":[{"embeddable":true,"href":"https:\/\/aadigitservices.com\/ar\/wp-json\/wp\/v2\/users\/1"}],"replies":[{"embeddable":true,"href":"https:\/\/aadigitservices.com\/ar\/wp-json\/wp\/v2\/comments?post=134"}],"version-history":[{"count":1,"href":"https:\/\/aadigitservices.com\/ar\/wp-json\/wp\/v2\/pages\/134\/revisions"}],"predecessor-version":[{"id":135,"href":"https:\/\/aadigitservices.com\/ar\/wp-json\/wp\/v2\/pages\/134\/revisions\/135"}],"wp:attachment":[{"href":"https:\/\/aadigitservices.com\/ar\/wp-json\/wp\/v2\/media?parent=134"}],"curies":[{"name":"wp","href":"https:\/\/api.w.org\/{rel}","templated":true}]}}