{"id":16,"date":"2026-01-07T11:14:24","date_gmt":"2026-01-07T11:14:24","guid":{"rendered":"https:\/\/aadigitservices.com\/about\/"},"modified":"2026-02-15T14:00:56","modified_gmt":"2026-02-15T14:00:56","slug":"about","status":"publish","type":"page","link":"https:\/\/aadigitservices.com\/ar\/about\/","title":{"rendered":"About"},"content":{"rendered":"<div class=\"wp-block-group alignfull is-style-ext-preset--group--natural-1--section has-background-background-color has-background has-global-padding is-layout-constrained wp-container-core-group-is-layout-6714b1d7 wp-block-group-is-layout-constrained\" id=\"about\" style=\"margin-top:0;margin-bottom:0;padding-top:var(--wp--preset--spacing--70);padding-bottom:var(--wp--preset--spacing--70)\">\n<div class=\"wp-block-group alignwide is-vertical is-content-justification-center is-layout-flex wp-container-core-group-is-layout-c9ee0c5a wp-block-group-is-layout-flex\">\n<div class=\"wp-block-group has-global-padding is-layout-constrained wp-container-core-group-is-layout-2287c683 wp-block-group-is-layout-constrained\">\n<h2 class=\"wp-block-heading has-text-align-center\">Strat\u00e9gies num\u00e9riques cr\u00e9atives adapt\u00e9es \u00e0 vos besoins<\/h2>\n\n\n\n<p class=\"has-text-align-center\">Chez Adel Digital Services, nous nous engageons \u00e0 fournir des solutions num\u00e9riques innovantes et performantes qui donnent \u00e0 nos clients les moyens de r\u00e9ussir. Notre mission consiste \u00e0 comprendre leurs d\u00e9fis sp\u00e9cifiques et \u00e0 \u00e9laborer des strat\u00e9gies qui favorisent leur succ\u00e8s et leur croissance.<\/p>\n<\/div>\n<\/div>\n\n\n\n<div class=\"wp-block-columns alignwide is-layout-flex wp-container-core-columns-is-layout-28f84493 wp-block-columns-is-layout-flex\">\n<div class=\"wp-block-column is-layout-flow wp-block-column-is-layout-flow\">\n<figure class=\"wp-block-image is-style-ext-preset-image-natural-1-image-1--content-bottom is-style-ext-preset--image--natural-1--image-1--content-bottom extendify-image-import is-style-ext-preset--image--natural-1--image-1--content-bottom--2\"><img decoding=\"async\" src=\"https:\/\/images.unsplash.com\/photo-1519389950473-47ba0277781c?ixid=M3w0MzUxNjF8MHwxfHNlYXJjaHwxfHxkaWdpdGFsJTIwc2VydmljZXN8ZW58MHx8fHwxNzY3NzczODEyfDA&amp;ixlib=rb-4.1.0&amp;orientation=landscape?fit=crop&amp;crop=entropy%2Cfaces&amp;auto=format%2Ccompress&amp;w=1280\" alt=\"\" style=\"aspect-ratio:3\/4;object-fit:cover\"\/><\/figure>\n<\/div>\n\n\n\n<div class=\"wp-block-column is-layout-flow wp-block-column-is-layout-flow\">\n<figure class=\"wp-block-image is-style-ext-preset-image-natural-1-image-1--content-bottom is-style-ext-preset--image--natural-1--image-1--content-bottom extendify-image-import is-style-ext-preset--image--natural-1--image-1--content-bottom--3\"><img decoding=\"async\" src=\"https:\/\/images.unsplash.com\/photo-1518770660439-4636190af475?ixid=M3w0MzUxNjF8MHwxfHNlYXJjaHw5fHx0ZWNobm9sb2d5fGVufDB8fHx8MTc2NzU3NjQxOXww&amp;ixlib=rb-4.1.0&amp;orientation=landscape?fit=crop&amp;crop=entropy%2Cfaces&amp;auto=format%2Ccompress&amp;w=1280\" alt=\"\" style=\"aspect-ratio:3\/4;object-fit:cover\"\/><\/figure>\n<\/div>\n\n\n\n<div class=\"wp-block-column is-layout-flow wp-block-column-is-layout-flow\">\n<figure class=\"wp-block-image is-style-ext-preset-image-natural-1-image-1--content-bottom is-style-ext-preset--image--natural-1--image-1--content-bottom extendify-image-import is-style-ext-preset--image--natural-1--image-1--content-bottom--4\"><img decoding=\"async\" src=\"https:\/\/images.unsplash.com\/photo-1644088379091-d574269d422f?ixid=M3w0MzUxNjF8MHwxfHNlYXJjaHw3fHx0ZWNobm9sb2d5fGVufDB8fHx8MTc2NzU3NjQxOXww&amp;ixlib=rb-4.1.0&amp;orientation=landscape?fit=crop&amp;crop=entropy%2Cfaces&amp;auto=format%2Ccompress&amp;w=1280\" alt=\"\" style=\"aspect-ratio:3\/4;object-fit:cover\"\/><\/figure>\n<\/div>\n<\/div>\n<\/div>\n\n\n\n<div class=\"wp-block-group alignfull is-style-ext-preset--group--natural-1--section has-tertiary-background-color has-background has-global-padding is-layout-constrained wp-container-core-group-is-layout-e955bbaf wp-block-group-is-layout-constrained\" style=\"margin-top:0;margin-bottom:0;padding-top:var(--wp--preset--spacing--70);padding-bottom:var(--wp--preset--spacing--70)\">\n<div class=\"wp-block-group alignwide is-vertical is-layout-flex wp-container-core-group-is-layout-c35747d5 wp-block-group-is-layout-flex\">\n<div class=\"wp-block-group has-global-padding is-layout-constrained wp-container-core-group-is-layout-5e05634a wp-block-group-is-layout-constrained\">\n<h2 class=\"wp-block-heading\">Dynamisez votre croissance num\u00e9rique gr\u00e2ce \u00e0 l&rsquo;innovation<\/h2>\n\n\n\n<p class=\"has-text-align-left\">D\u00e9couvrez des donn\u00e9es essentielles qui mettent en valeur nos r\u00e9alisations et l&rsquo;excellence de nos services num\u00e9riques.<\/p>\n<\/div>\n<\/div>\n\n\n\n<div class=\"wp-block-columns alignwide is-layout-flex wp-container-core-columns-is-layout-174606dc wp-block-columns-is-layout-flex\">\n<div class=\"wp-block-column is-vertically-aligned-center is-layout-flow wp-block-column-is-layout-flow\">\n<div class=\"wp-block-columns is-layout-flex wp-container-core-columns-is-layout-28f84493 wp-block-columns-is-layout-flex\">\n<div class=\"wp-block-column is-vertically-aligned-stretch is-layout-flow wp-block-column-is-layout-flow\">\n<div class=\"wp-block-group is-style-ext-preset--group--natural-1--item-card-1--align-start has-global-padding is-layout-constrained wp-block-group-is-layout-constrained is-style-ext-preset--group--natural-1--item-card-1--align-start--6\">\n<div class=\"wp-block-group is-style-default has-global-padding is-layout-constrained wp-block-group-is-layout-constrained\">\n<h3 class=\"wp-block-heading has-primary-color has-text-color has-link-color has-x-large-font-size wp-elements-77e3d6a5a3d1a41d209b79d4a5ddbd34\">15<\/h3>\n\n\n\n<h3 class=\"wp-block-heading\">Succ\u00e8s clients<\/h3>\n\n\n\n<p>Nous mettons en avant le nombre de clients qui ont transform\u00e9 leur entreprise gr\u00e2ce \u00e0 nous.<\/p>\n<\/div>\n<\/div>\n<\/div>\n\n\n\n<div class=\"wp-block-column is-vertically-aligned-stretch is-layout-flow wp-block-column-is-layout-flow\">\n<div class=\"wp-block-group is-style-ext-preset--group--natural-1--item-card-1--align-start has-global-padding is-layout-constrained wp-block-group-is-layout-constrained is-style-ext-preset--group--natural-1--item-card-1--align-start--7\">\n<div class=\"wp-block-group is-style-default has-global-padding is-layout-constrained wp-block-group-is-layout-constrained\">\n<h3 class=\"wp-block-heading has-primary-color has-text-color has-link-color has-x-large-font-size wp-elements-30cb29034b442ece9c890b44c05c292e\">2000<\/h3>\n\n\n\n<h3 class=\"wp-block-heading\">Projets livr\u00e9s<\/h3>\n\n\n\n<p>Pr\u00e9sentation d\u00e9taill\u00e9e des projets r\u00e9alis\u00e9s qui t\u00e9moignent de notre engagement envers la qualit\u00e9 et l&rsquo;innovation.<\/p>\n<\/div>\n<\/div>\n<\/div>\n<\/div>\n\n\n\n<div class=\"wp-block-columns is-layout-flex wp-container-core-columns-is-layout-28f84493 wp-block-columns-is-layout-flex\">\n<div class=\"wp-block-column is-vertically-aligned-stretch is-layout-flow wp-block-column-is-layout-flow\">\n<div class=\"wp-block-group is-style-ext-preset--group--natural-1--item-card-1--align-start has-global-padding is-layout-constrained wp-block-group-is-layout-constrained is-style-ext-preset--group--natural-1--item-card-1--align-start--8\">\n<div class=\"wp-block-group is-style-default has-global-padding is-layout-constrained wp-block-group-is-layout-constrained\">\n<h3 class=\"wp-block-heading has-primary-color has-text-color has-link-color has-x-large-font-size wp-elements-6d5725c0b15201976c6ed51b82e5c69a\">72<\/h3>\n\n\n\n<h3 class=\"wp-block-heading\">Solutions innovantes<\/h3>\n\n\n\n<p>Pr\u00e9sentation de strat\u00e9gies num\u00e9riques novatrices qui g\u00e9n\u00e8rent des r\u00e9sultats mesurables.<\/p>\n<\/div>\n<\/div>\n<\/div>\n\n\n\n<div class=\"wp-block-column is-vertically-aligned-stretch is-layout-flow wp-block-column-is-layout-flow\">\n<div class=\"wp-block-group is-style-ext-preset--group--natural-1--item-card-1--align-start has-global-padding is-layout-constrained wp-block-group-is-layout-constrained is-style-ext-preset--group--natural-1--item-card-1--align-start--9\">\n<div class=\"wp-block-group is-style-default has-global-padding is-layout-constrained wp-block-group-is-layout-constrained\">\n<h3 class=\"wp-block-heading has-primary-color has-text-color has-link-color has-x-large-font-size wp-elements-170ac9d1982ec9872750fe895d63404f\">50<\/h3>\n\n\n\n<h3 class=\"wp-block-heading\">Prix \u200b\u200bremport\u00e9s<\/h3>\n\n\n\n<p>C\u00e9l\u00e9bration de la reconnaissance obtenue pour des services num\u00e9riques exceptionnels et une cr\u00e9ativit\u00e9 remarquable.<\/p>\n<\/div>\n<\/div>\n<\/div>\n<\/div>\n<\/div>\n\n\n\n<div class=\"wp-block-column is-vertically-aligned-stretch is-layout-flow wp-container-core-column-is-layout-119bc444 wp-block-column-is-layout-flow\">\n<div class=\"wp-block-cover is-style-ext-preset--image--natural-1--image-1--content-bottom extendify-image-import is-style-ext-preset--image--natural-1--image-1--content-bottom--10\" style=\"padding-top:0;padding-bottom:0;min-height:100%;aspect-ratio:unset;\"><img decoding=\"async\" class=\"wp-block-cover__image-background\" alt=\"\" src=\"https:\/\/images.unsplash.com\/photo-1507238691740-187a5b1d37b8?ixid=M3w0MzUxNjF8MHwxfHNlYXJjaHw1fHxkaWdpdGFsJTIwc2VydmljZXN8ZW58MHx8fHwxNzY3NzczODEyfDA&amp;ixlib=rb-4.1.0&amp;orientation=portrait?fit=crop&amp;crop=entropy%2Cfaces&amp;auto=format%2Ccompress&amp;w=1280\" data-object-fit=\"cover\"\/><span aria-hidden=\"true\" class=\"wp-block-cover__background has-background-dim-0 has-background-dim\"><\/span><div class=\"wp-block-cover__inner-container is-layout-flow wp-block-cover-is-layout-flow\">\n<div style=\"height:240px\" aria-hidden=\"true\" class=\"wp-block-spacer\"><\/div>\n<\/div><\/div>\n<\/div>\n<\/div>\n<\/div>","protected":false},"excerpt":{"rendered":"<p>Strat\u00e9gies num\u00e9riques cr\u00e9atives adapt\u00e9es \u00e0 vos besoins Chez Adel Digital Services, nous nous engageons \u00e0 fournir des solutions num\u00e9riques innovantes et performantes qui donnent \u00e0 nos clients les moyens de r\u00e9ussir. Notre mission consiste \u00e0 comprendre leurs d\u00e9fis sp\u00e9cifiques et \u00e0 \u00e9laborer des strat\u00e9gies qui favorisent leur succ\u00e8s et leur croissance. Dynamisez votre croissance num\u00e9rique [&hellip;]<\/p>\n","protected":false},"author":1,"featured_media":0,"parent":0,"menu_order":0,"comment_status":"closed","ping_status":"closed","template":"page-with-title","meta":{"_monsterinsights_skip_tracking":false,"_monsterinsights_sitenote_active":false,"_monsterinsights_sitenote_note":"","_monsterinsights_sitenote_category":0,"footnotes":""},"class_list":["post-16","page","type-page","status-publish","hentry"],"aioseo_notices":[],"_links":{"self":[{"href":"https:\/\/aadigitservices.com\/ar\/wp-json\/wp\/v2\/pages\/16","targetHints":{"allow":["GET"]}}],"collection":[{"href":"https:\/\/aadigitservices.com\/ar\/wp-json\/wp\/v2\/pages"}],"about":[{"href":"https:\/\/aadigitservices.com\/ar\/wp-json\/wp\/v2\/types\/page"}],"author":[{"embeddable":true,"href":"https:\/\/aadigitservices.com\/ar\/wp-json\/wp\/v2\/users\/1"}],"replies":[{"embeddable":true,"href":"https:\/\/aadigitservices.com\/ar\/wp-json\/wp\/v2\/comments?post=16"}],"version-history":[{"count":3,"href":"https:\/\/aadigitservices.com\/ar\/wp-json\/wp\/v2\/pages\/16\/revisions"}],"predecessor-version":[{"id":180,"href":"https:\/\/aadigitservices.com\/ar\/wp-json\/wp\/v2\/pages\/16\/revisions\/180"}],"wp:attachment":[{"href":"https:\/\/aadigitservices.com\/ar\/wp-json\/wp\/v2\/media?parent=16"}],"curies":[{"name":"wp","href":"https:\/\/api.w.org\/{rel}","templated":true}]}}