{"id":82,"date":"2026-01-07T14:14:00","date_gmt":"2026-01-07T14:14:00","guid":{"rendered":"https:\/\/aadigitservices.com\/?page_id=82"},"modified":"2026-01-07T14:14:00","modified_gmt":"2026-01-07T14:14:00","slug":"politique-de-confidentialite","status":"publish","type":"page","link":"https:\/\/aadigitservices.com\/ar\/politique-de-confidentialite\/","title":{"rendered":"Politique de Confidentialit\u00e9"},"content":{"rendered":"<h1 class=\"wp-block-heading\"><strong>Politique de Confidentialit\u00e9<\/strong><\/h1>\n\n\n\n<p><strong>Derni\u00e8re mise \u00e0 jour :<\/strong> 7 janvier 2026<\/p>\n\n\n\n<p>Bienvenue sur<a href=\"https:\/\/www.google.com\/search?q=https:\/\/www.aadigitservices.com\"> <strong>www.aadigitservices.com<\/strong><\/a>. La protection de vos donn\u00e9es personnelles est une priorit\u00e9 pour nous. Cette politique de confidentialit\u00e9 vous informe sur la mani\u00e8re dont nous recueillons, utilisons et prot\u00e9geons vos informations.<\/p>\n\n\n\n<hr class=\"wp-block-separator has-alpha-channel-opacity\"\/>\n\n\n\n<h2 class=\"wp-block-heading\"><strong>1. Responsable du traitement des donn\u00e9es<\/strong><\/h2>\n\n\n\n<p>Le responsable du traitement des donn\u00e9es personnelles pour le site <strong>Adel Adel Digital Services<\/strong> est :<\/p>\n\n\n\n<ul class=\"wp-block-list\">\n<li><strong>Nom \/ Entreprise :<\/strong> Adel Adel Digital Services<\/li>\n\n\n\n<li><strong>E-mail :<\/strong> Contact@aadigitservices.com<\/li>\n\n\n\n<li><strong>Site Web :<\/strong><a href=\"https:\/\/www.google.com\/search?q=https:\/\/www.aadigitservices.com\"> www.aadigitservices.com<\/a><\/li>\n<\/ul>\n\n\n\n<h2 class=\"wp-block-heading\"><strong>2. Donn\u00e9es collect\u00e9es<\/strong><\/h2>\n\n\n\n<p>Nous pouvons collecter et traiter les donn\u00e9es suivantes :<\/p>\n\n\n\n<ul class=\"wp-block-list\">\n<li><strong>Informations d&rsquo;identification :<\/strong> Nom, pr\u00e9nom.<\/li>\n\n\n\n<li><strong>Informations de contact :<\/strong> Adresse e-mail, num\u00e9ro de t\u00e9l\u00e9phone.<\/li>\n\n\n\n<li><strong>Donn\u00e9es professionnelles :<\/strong> Nom de l&rsquo;entreprise, secteur d&rsquo;activit\u00e9 (si fourni).<\/li>\n\n\n\n<li><strong>Donn\u00e9es de navigation :<\/strong> Adresse IP, type de navigateur, pages consult\u00e9es via des cookies.<\/li>\n<\/ul>\n\n\n\n<h2 class=\"wp-block-heading\"><strong>3. Finalit\u00e9s de la collecte<\/strong><\/h2>\n\n\n\n<p>Vos donn\u00e9es sont collect\u00e9es pour les raisons suivantes :<\/p>\n\n\n\n<ul class=\"wp-block-list\">\n<li>R\u00e9pondre \u00e0 vos demandes via le formulaire de contact.<\/li>\n\n\n\n<li>Fournir les services digitaux command\u00e9s.<\/li>\n\n\n\n<li>Envoyer des devis, factures et communications administratives.<\/li>\n\n\n\n<li>Am\u00e9liorer l&rsquo;exp\u00e9rience utilisateur sur notre site.<\/li>\n\n\n\n<li>Envoyer des newsletters ou offres promotionnelles (uniquement avec votre consentement).<\/li>\n<\/ul>\n\n\n\n<h2 class=\"wp-block-heading\"><strong>4. Base l\u00e9gale<\/strong><\/h2>\n\n\n\n<p>Nous traitons vos donn\u00e9es sur la base de :<\/p>\n\n\n\n<ol class=\"wp-block-list\">\n<li><strong>L&rsquo;ex\u00e9cution d&rsquo;un contrat :<\/strong> Pour fournir nos services.<\/li>\n\n\n\n<li><strong>Votre consentement :<\/strong> Pour le marketing et les cookies.<\/li>\n\n\n\n<li><strong>L&rsquo;int\u00e9r\u00eat l\u00e9gitime :<\/strong> Pour assurer la s\u00e9curit\u00e9 du site.<\/li>\n<\/ol>\n\n\n\n<h2 class=\"wp-block-heading\"><strong>5. Partage des donn\u00e9es<\/strong><\/h2>\n\n\n\n<p>Nous ne vendons jamais vos donn\u00e9es personnelles. Elles peuvent \u00eatre partag\u00e9es uniquement avec :<\/p>\n\n\n\n<ul class=\"wp-block-list\">\n<li><strong>Prestataires de services :<\/strong> H\u00e9bergement web, outils de paiement ou outils d&rsquo;analyse (ex: Google Analytics).<\/li>\n\n\n\n<li><strong>Obligations l\u00e9gales :<\/strong> Si la loi nous y oblige.<\/li>\n<\/ul>\n\n\n\n<h2 class=\"wp-block-heading\"><strong>6. Conservation des donn\u00e9es<\/strong><\/h2>\n\n\n\n<p>Nous conservons vos donn\u00e9es uniquement le temps n\u00e9cessaire aux finalit\u00e9s pour lesquelles elles ont \u00e9t\u00e9 collect\u00e9es :<\/p>\n\n\n\n<ul class=\"wp-block-list\">\n<li><strong>Donn\u00e9es prospects :<\/strong> 3 ans apr\u00e8s le dernier contact.<\/li>\n\n\n\n<li><strong>Donn\u00e9es clients :<\/strong> 10 ans (obligation l\u00e9gale pour la facturation).<\/li>\n<\/ul>\n\n\n\n<h2 class=\"wp-block-heading\"><strong>7. Vos droits<\/strong><\/h2>\n\n\n\n<p>Conform\u00e9ment aux r\u00e9glementations sur la protection des donn\u00e9es (RGPD), vous disposez des droits suivants :<\/p>\n\n\n\n<ul class=\"wp-block-list\">\n<li><strong>Droit d&rsquo;acc\u00e8s :<\/strong> Consulter vos donn\u00e9es.<\/li>\n\n\n\n<li><strong>Droit de rectification :<\/strong> Modifier des informations inexactes.<\/li>\n\n\n\n<li><strong>Droit \u00e0 l&rsquo;effacement :<\/strong> Demander la suppression de vos donn\u00e9es.<\/li>\n\n\n\n<li><strong>Droit d&rsquo;opposition :<\/strong> Refuser l&rsquo;utilisation de vos donn\u00e9es \u00e0 des fins marketing.<\/li>\n<\/ul>\n\n\n\n<p>Pour exercer ces droits, contactez-nous \u00e0 : <strong>contact@aadigitservices.com<\/strong>.<\/p>\n\n\n\n<h2 class=\"wp-block-heading\"><strong>8. Analyse d&rsquo;audience et Marketing (Cookies tiers)<\/strong><\/h2>\n\n\n\n<p>Pour am\u00e9liorer votre exp\u00e9rience et la qualit\u00e9 de nos services, <strong>Adel Adel Digital Services<\/strong> utilise des outils de suivi tiers :<\/p>\n\n\n\n<h3 class=\"wp-block-heading\"><strong>A. Google Analytics<\/strong><\/h3>\n\n\n\n<p>Nous utilisons Google Analytics pour comprendre comment les visiteurs interagissent avec notre site (pages vues, temps pass\u00e9, origine du trafic).<\/p>\n\n\n\n<ul class=\"wp-block-list\">\n<li><strong>Donn\u00e9es collect\u00e9es :<\/strong> Adresse IP (anonymis\u00e9e), caract\u00e9ristiques de l&rsquo;appareil, comportement de navigation.<\/li>\n\n\n\n<li><strong>Finalit\u00e9 :<\/strong> Analyse statistique et optimisation des performances du site.<\/li>\n\n\n\n<li><strong>Opposition :<\/strong> Vous pouvez bloquer ce suivi en installant le<a href=\"https:\/\/tools.google.com\/dlpage\/gaoptout\"> module compl\u00e9mentaire de navigateur pour la d\u00e9sactivation de Google Analytics<\/a>.<\/li>\n<\/ul>\n\n\n\n<h3 class=\"wp-block-heading\"><strong>B. Pixels Publicitaires (Meta \/ Facebook Pixel)<\/strong><\/h3>\n\n\n\n<p>Nous pouvons utiliser des pixels de suivi pour mesurer l&rsquo;efficacit\u00e9 de nos campagnes publicitaires et vous proposer des services adapt\u00e9s \u00e0 vos centres d&rsquo;int\u00e9r\u00eat.<\/p>\n\n\n\n<ul class=\"wp-block-list\">\n<li><strong>Fonctionnement :<\/strong> Le pixel permet de suivre votre comportement sur notre site apr\u00e8s que vous ayez cliqu\u00e9 sur une publicit\u00e9 sur les r\u00e9seaux sociaux.<\/li>\n\n\n\n<li><strong>Finalit\u00e9 :<\/strong> Reciblage publicitaire (retargeting) et mesure de conversion.<\/li>\n\n\n\n<li><strong>Gestion :<\/strong> Vous pouvez modifier vos pr\u00e9f\u00e9rences publicitaires directement sur les param\u00e8tres de vos comptes de r\u00e9seaux sociaux.<\/li>\n<\/ul>\n\n\n\n<h3 class=\"wp-block-heading\"><strong>C. Gestion du consentement<\/strong><\/h3>\n\n\n\n<p>Lors de votre premi\u00e8re visite sur<a href=\"https:\/\/www.google.com\/search?q=https:\/\/www.aadigitservices.com\"> <strong>www.aadigitservices.com<\/strong><\/a>, un bandeau vous permet d&rsquo;accepter ou de refuser l&rsquo;utilisation de ces cookies tiers. Vous pouvez changer d&rsquo;avis \u00e0 tout moment en vidant le cache de votre navigateur.<\/p>\n\n\n\n<h2 class=\"wp-block-heading\"><strong>9. Cookies<\/strong><\/h2>\n\n\n\n<p>Notre site utilise des cookies pour am\u00e9liorer votre navigation. Vous pouvez configurer votre navigateur pour refuser les cookies ou g\u00e9rer vos pr\u00e9f\u00e9rences via la banni\u00e8re de consentement lors de votre premi\u00e8re visite.<\/p>\n\n\n\n<h2 class=\"wp-block-heading\"><strong>10. Modifications<\/strong><\/h2>\n\n\n\n<p>Nous nous r\u00e9servons le droit de modifier cette politique \u00e0 tout moment. Les modifications seront publi\u00e9es sur cette page avec une date de mise \u00e0 jour r\u00e9vis\u00e9e.<\/p>","protected":false},"excerpt":{"rendered":"<p>Politique de Confidentialit\u00e9 Derni\u00e8re mise \u00e0 jour : 7 janvier 2026 Bienvenue sur www.aadigitservices.com. La protection de vos donn\u00e9es personnelles est une priorit\u00e9 pour nous. Cette politique de confidentialit\u00e9 vous informe sur la mani\u00e8re dont nous recueillons, utilisons et prot\u00e9geons vos informations. 1. Responsable du traitement des donn\u00e9es Le responsable du traitement des donn\u00e9es personnelles [&hellip;]<\/p>\n","protected":false},"author":1,"featured_media":0,"parent":0,"menu_order":0,"comment_status":"closed","ping_status":"closed","template":"page-with-title","meta":{"_monsterinsights_skip_tracking":false,"_monsterinsights_sitenote_active":false,"_monsterinsights_sitenote_note":"","_monsterinsights_sitenote_category":0,"footnotes":""},"class_list":["post-82","page","type-page","status-publish","hentry"],"aioseo_notices":[],"_links":{"self":[{"href":"https:\/\/aadigitservices.com\/ar\/wp-json\/wp\/v2\/pages\/82","targetHints":{"allow":["GET"]}}],"collection":[{"href":"https:\/\/aadigitservices.com\/ar\/wp-json\/wp\/v2\/pages"}],"about":[{"href":"https:\/\/aadigitservices.com\/ar\/wp-json\/wp\/v2\/types\/page"}],"author":[{"embeddable":true,"href":"https:\/\/aadigitservices.com\/ar\/wp-json\/wp\/v2\/users\/1"}],"replies":[{"embeddable":true,"href":"https:\/\/aadigitservices.com\/ar\/wp-json\/wp\/v2\/comments?post=82"}],"version-history":[{"count":1,"href":"https:\/\/aadigitservices.com\/ar\/wp-json\/wp\/v2\/pages\/82\/revisions"}],"predecessor-version":[{"id":83,"href":"https:\/\/aadigitservices.com\/ar\/wp-json\/wp\/v2\/pages\/82\/revisions\/83"}],"wp:attachment":[{"href":"https:\/\/aadigitservices.com\/ar\/wp-json\/wp\/v2\/media?parent=82"}],"curies":[{"name":"wp","href":"https:\/\/api.w.org\/{rel}","templated":true}]}}