{"id":88,"date":"2026-01-07T14:30:50","date_gmt":"2026-01-07T14:30:50","guid":{"rendered":"https:\/\/aadigitservices.com\/?page_id=88"},"modified":"2026-01-07T14:30:51","modified_gmt":"2026-01-07T14:30:51","slug":"mentions-legales","status":"publish","type":"page","link":"https:\/\/aadigitservices.com\/ar\/mentions-legales\/","title":{"rendered":"Mentions L\u00e9gales"},"content":{"rendered":"<h1 class=\"wp-block-heading\"><strong>Mentions L\u00e9gales<\/strong><\/h1>\n\n\n\n<p>Conform\u00e9ment aux dispositions des lois sur la confiance dans l&rsquo;\u00e9conomie num\u00e9rique, voici les informations l\u00e9gales concernant le site <a href=\"https:\/\/www.google.com\/search?q=https:\/\/www.aadigitservices.com\"><strong>www.aadigitservices.com<\/strong><\/a>.<\/p>\n\n\n\n<h2 class=\"wp-block-heading\"><strong>1. \u00c9dition du site<\/strong><\/h2>\n\n\n\n<p>Le site<a href=\"https:\/\/www.google.com\/search?q=https:\/\/www.aadigitservices.com\"> <strong>www.aadigitservices.com<\/strong><\/a> est \u00e9dit\u00e9 par :<\/p>\n\n\n\n<ul class=\"wp-block-list\">\n<li><strong>Nom de l&rsquo;entreprise :<\/strong> Adel Adel Digital Services<\/li>\n\n\n\n<li><strong>Statut juridique :<\/strong> Auto-entrepreneur.<\/li>\n\n\n\n<li><strong>Si\u00e8ge social :<\/strong> Alger Alg\u00e9rie.<\/li>\n\n\n\n<li><strong>Num\u00e9ro d&rsquo;identification fiscale :<\/strong> 18816020128818211680<\/li>\n\n\n\n<li><strong>Directeur de la publication :<\/strong> SENNIA adel el khalil<\/li>\n\n\n\n<li><strong>E-mail :<\/strong> sennia.adel@aadigitservices.com<\/li>\n\n\n\n<li><strong>T\u00e9l\u00e9phone :<\/strong> 0781 74 79 92<\/li>\n<\/ul>\n\n\n\n<h2 class=\"wp-block-heading\"><strong>2. H\u00e9bergement<\/strong><\/h2>\n\n\n\n<p>Le site est h\u00e9berg\u00e9 par :<\/p>\n\n\n\n<ul class=\"wp-block-list\">\n<li><strong>Nom de l&rsquo;h\u00e9bergeur :<\/strong> <a href=\"http:\/\/www.namecheap.com\">\u00a0Namecheap, Inc.<\/a><\/li>\n\n\n\n<li><strong>Adresse :<\/strong> 4600 East Washington Street, Suite 300, Phoenix, AZ 85034, USA<\/li>\n\n\n\n<li><strong>Site Web :<\/strong> <a href=\"https:\/\/www.namecheap.com\/\">https:\/\/www.namecheap.com\/<\/a><\/li>\n<\/ul>\n\n\n\n<h2 class=\"wp-block-heading\"><strong>3. Propri\u00e9t\u00e9 intellectuelle<\/strong><\/h2>\n\n\n\n<p>L&rsquo;ensemble de ce site (structure, textes, logos, images, \u00e9l\u00e9ments graphiques) est la propri\u00e9t\u00e9 exclusive de <strong>Adel Adel Digital Services<\/strong>, sauf mention contraire. Toute reproduction, repr\u00e9sentation, modification ou adaptation de tout ou partie des \u00e9l\u00e9ments du site est strictement interdite sans l&rsquo;autorisation \u00e9crite pr\u00e9alable de l&rsquo;\u00e9diteur.<\/p>\n\n\n\n<h2 class=\"wp-block-heading\"><strong>4. Limitation de responsabilit\u00e9<\/strong><\/h2>\n\n\n\n<p><strong>Adel Adel Digital Services<\/strong> s&rsquo;efforce d&rsquo;assurer l&rsquo;exactitude des informations diffus\u00e9es sur le site. Toutefois, l&rsquo;entreprise ne pourra \u00eatre tenue responsable des omissions, des inexactitudes ou des carences dans la mise \u00e0 jour. L&rsquo;utilisation des informations pr\u00e9sentes sur le site se fait sous l&rsquo;enti\u00e8re responsabilit\u00e9 de l&rsquo;utilisateur.<\/p>\n\n\n\n<h2 class=\"wp-block-heading\"><strong>5. Liens hypertextes<\/strong><\/h2>\n\n\n\n<p>Le site peut contenir des liens vers d&rsquo;autres sites internet. <strong>Adel Adel Digital Services<\/strong> n&rsquo;exerce aucun contr\u00f4le sur le contenu de ces sites tiers et d\u00e9cline toute responsabilit\u00e9 quant \u00e0 leur contenu ou leur politique de confidentialit\u00e9.<\/p>","protected":false},"excerpt":{"rendered":"<p>Mentions L\u00e9gales Conform\u00e9ment aux dispositions des lois sur la confiance dans l&rsquo;\u00e9conomie num\u00e9rique, voici les informations l\u00e9gales concernant le site www.aadigitservices.com. 1. \u00c9dition du site Le site www.aadigitservices.com est \u00e9dit\u00e9 par : 2. H\u00e9bergement Le site est h\u00e9berg\u00e9 par : 3. Propri\u00e9t\u00e9 intellectuelle L&rsquo;ensemble de ce site (structure, textes, logos, images, \u00e9l\u00e9ments graphiques) est la [&hellip;]<\/p>\n","protected":false},"author":1,"featured_media":0,"parent":0,"menu_order":0,"comment_status":"closed","ping_status":"closed","template":"page-with-title","meta":{"_monsterinsights_skip_tracking":false,"_monsterinsights_sitenote_active":false,"_monsterinsights_sitenote_note":"","_monsterinsights_sitenote_category":0,"footnotes":""},"class_list":["post-88","page","type-page","status-publish","hentry"],"aioseo_notices":[],"_links":{"self":[{"href":"https:\/\/aadigitservices.com\/ar\/wp-json\/wp\/v2\/pages\/88","targetHints":{"allow":["GET"]}}],"collection":[{"href":"https:\/\/aadigitservices.com\/ar\/wp-json\/wp\/v2\/pages"}],"about":[{"href":"https:\/\/aadigitservices.com\/ar\/wp-json\/wp\/v2\/types\/page"}],"author":[{"embeddable":true,"href":"https:\/\/aadigitservices.com\/ar\/wp-json\/wp\/v2\/users\/1"}],"replies":[{"embeddable":true,"href":"https:\/\/aadigitservices.com\/ar\/wp-json\/wp\/v2\/comments?post=88"}],"version-history":[{"count":1,"href":"https:\/\/aadigitservices.com\/ar\/wp-json\/wp\/v2\/pages\/88\/revisions"}],"predecessor-version":[{"id":89,"href":"https:\/\/aadigitservices.com\/ar\/wp-json\/wp\/v2\/pages\/88\/revisions\/89"}],"wp:attachment":[{"href":"https:\/\/aadigitservices.com\/ar\/wp-json\/wp\/v2\/media?parent=88"}],"curies":[{"name":"wp","href":"https:\/\/api.w.org\/{rel}","templated":true}]}}